{"id":2356,"date":"2025-02-13T11:17:26","date_gmt":"2025-02-13T10:17:26","guid":{"rendered":"https:\/\/hbassurance.com\/?page_id=2356"},"modified":"2025-02-18T09:10:33","modified_gmt":"2025-02-18T08:10:33","slug":"assurance-auto-moto","status":"publish","type":"page","link":"https:\/\/hbassurance.com\/?page_id=2356","title":{"rendered":"Assurance Auto\/Moto"},"content":{"rendered":"\t\t<div data-elementor-type=\"wp-page\" data-elementor-id=\"2356\" class=\"elementor elementor-2356\">\n\t\t\t\t<div class=\"elementor-element elementor-element-75d6590 e-flex e-con-boxed e-con e-parent\" data-id=\"75d6590\" data-element_type=\"container\">\n\t\t\t\t\t<div class=\"e-con-inner\">\n\t\t\t\t<div class=\"elementor-element elementor-element-7ba4df5 elementor-widget elementor-widget-html\" data-id=\"7ba4df5\" data-element_type=\"widget\" data-widget_type=\"html.default\">\n\t\t\t\t<div class=\"elementor-widget-container\">\n\t\t\t\t\t<div class=\"elementor-widget-container\">\r\n  <section\r\n    class=\"about-section anim-object pdt-110 pdb-110 pdb-lg-110\"\r\n    data-background=\"https:\/\/shtheme.com\/demosd\/insuren\/wp-content\/uploads\/2022\/11\/abs-bg3.png\"\r\n    style=\"\r\n      background-image: url('https:\/\/shtheme.com\/demosd\/insuren\/wp-content\/uploads\/2022\/11\/abs-bg3.png');\r\n      background-size: cover;\r\n      background-position: center;\r\n    \"\r\n  >\r\n    <div class=\"container\">\r\n      <div class=\"row align-items-center\">\r\n        <!-- Texte \u00e0 gauche avec animation -->\r\n        <div class=\"col-md-12 col-lg-6 fade-in\">\r\n          <div class=\"info-box p-4\">\r\n            <h5 class=\"side-line-left text-primary-color mrb-10\">\r\n              Assurances pour les particuliers\r\n            <\/h5>\r\n            <h3 class=\"mrb-35\">Assurance Auto\/Moto<\/h3>\r\n            <p class=\"mrb-30\">\r\n              Des formules flexibles pour assurer votre v\u00e9hicule.\r\n            <\/p>\r\n\r\n            <ul class=\"order-list primary-color mrb-35\">\r\n              <li><h5>\ud83d\udd25 Tiers \/ Tous risques \/ Interm\u00e9diaire<\/h5><\/li>\r\n              <li><h5>\ud83d\udee1\ufe0f Protection du conducteur et des passagers<\/h5><\/li>\r\n              <li><h5>\u23f3 Asistance d\u00e9pannage 0 km<\/h5><\/li>\r\n            <\/ul>\r\n\r\n            <div class=\"featured-icon-box d-flex align-items-center\">\r\n              <div class=\"featured-icon\">\r\n                <i class=\"webexflaticon flaticon-employee-2\"><\/i>\r\n              <\/div>\r\n              <div class=\"featured-content\">\r\n                <h4 class=\"featured-title\">\r\n                  \u00c0 qui s\u2019adresse cette assurance ?\r\n                <\/h4>\r\n                <h6>\u2192 Particuliers, conducteurs r\u00e9guliers ou occasionnels.<\/h6>\r\n              <\/div>\r\n            <\/div>\r\n\r\n            <!-- Boutons stylis\u00e9s -->\r\n            <div class=\"d-flex flex-column gap-2 mt-4\">\r\n              <a href=\"?page_id=2607\" class=\"btn-custom w-100\" title=\"Obtenir un devis\"\r\n                >Obtenir un devis personnalis\u00e9<\/a\r\n              >\r\n              <div class=\"d-flex flex-wrap gap-2\">\r\n                <a href=\"?page_id=1778\" class=\"btn-custom\" title=\"Souscrire \u00e0 HB Assurance\"\r\n                  >Souscrire en ligne<\/a\r\n                >\r\n                <a href=\"?page_id=501\" class=\"btn-custom\" title=\"Parler \u00e0 un expert HB Assurance\">Parler \u00e0 un expert<\/a>\r\n              <\/div>\r\n            <\/div>\r\n          <\/div>\r\n        <\/div>\r\n\r\n        <!-- Image \u00e0 droite avec effet stylis\u00e9 -->\r\n        <div class=\"col-md-12 col-lg-6 text-center\">\r\n          <div class=\"image-container\">\r\n            <img\r\n              decoding=\"async\"\r\n              class=\"about-image1 img-fluid\"\r\n              src=\"https:\/\/www.mesquestionsdargent.fr\/system\/files\/styles\/mise_en_avant_d9\/private\/assurance-auto.jpg?itok=7B-r1mS_\"\r\n              alt=\"Assurance habitation\"\r\n            \/>\r\n          <\/div>\r\n        <\/div>\r\n      <\/div>\r\n    <\/div>\r\n  <\/section>\r\n<\/div>\r\n\r\n<style>\r\n  \/* Animation au chargement *\/\r\n  .fade-in {\r\n    opacity: 0;\r\n    transform: translateY(30px);\r\n    animation: fadeInUp 1s ease-out forwards;\r\n  }\r\n\r\n  @keyframes fadeInUp {\r\n    from {\r\n      opacity: 0;\r\n      transform: translateY(30px);\r\n    }\r\n    to {\r\n      opacity: 1;\r\n      transform: translateY(0);\r\n    }\r\n  }\r\n\r\n  \/* Effet d'image stylis\u00e9 *\/\r\n  .image-container {\r\n    max-width: 100%;\r\n    border-radius: 15px;\r\n    box-shadow: 0 4px 10px rgba(0, 0, 0, 0.2);\r\n    overflow: hidden;\r\n    transition: transform 0.3s ease-in-out;\r\n  }\r\n\r\n  .image-container img {\r\n    width: 100%;\r\n    border-radius: 15px;\r\n    transition: transform 0.3s ease-in-out;\r\n  }\r\n\r\n  .image-container:hover {\r\n    transform: scale(1.05);\r\n  }\r\n\r\n  \/* Bo\u00eete d'info stylis\u00e9e *\/\r\n  .info-box {\r\n    background: #ffffff;\r\n    border-radius: 10px;\r\n    box-shadow: 0 4px 10px rgba(0, 0, 0, 0.1);\r\n    padding: 20px;\r\n    transition: transform 0.3s ease-in-out;\r\n  }\r\n\r\n  .info-box:hover {\r\n    transform: scale(1.02);\r\n  }\r\n\r\n  \/* Boutons stylis\u00e9s *\/\r\n  .btn-custom {\r\n    background-color: #007bff;\r\n    color: white;\r\n    padding: 12px 18px;\r\n    border-radius: 5px;\r\n    text-decoration: none;\r\n    font-weight: bold;\r\n    transition: all 0.3s ease-in-out;\r\n    text-align: center;\r\n    flex-grow: 1;\r\n    display: inline-block;\r\n  }\r\n\r\n  .btn-custom:hover {\r\n    background-color: #0056b3;\r\n    transform: scale(1.05);\r\n    color: white !important; \/* Force le texte \u00e0 rester blanc *\/\r\n  }\r\n\r\n  \/* Espacement *\/\r\n  .gap-2 {\r\n    gap: 10px;\r\n  }\r\n<\/style>\r\n\t\t\t\t<\/div>\n\t\t\t\t<\/div>\n\t\t\t\t\t<\/div>\n\t\t\t\t<\/div>\n\t\t\t\t<\/div>\n\t\t","protected":false},"excerpt":{"rendered":"<p>Assurances pour les particuliers Assurance Auto\/Moto Des formules flexibles pour assurer votre v\u00e9hicule. \ud83d\udd25 Tiers \/ Tous risques \/ Interm\u00e9diaire \ud83d\udee1\ufe0f Protection du conducteur et des passagers \u23f3 Asistance d\u00e9pannage 0 km \u00c0 qui s\u2019adresse cette assurance ? \u2192 Particuliers, conducteurs r\u00e9guliers ou occasionnels. Obtenir un devis personnalis\u00e9 Souscrire en ligne Parler \u00e0 un expert<\/p>\n","protected":false},"author":1,"featured_media":0,"parent":0,"menu_order":0,"comment_status":"closed","ping_status":"closed","template":"","meta":{"content-type":"","footnotes":""},"class_list":["post-2356","page","type-page","status-publish","hentry"],"yoast_head":"<!-- This site is optimized with the Yoast SEO plugin v24.4 - https:\/\/yoast.com\/wordpress\/plugins\/seo\/ -->\n<title>Assurance Auto\/Moto - Chez HB Assurance, nous proposons des solutions d&#039;assurance sur mesure pour r\u00e9pondre \u00e0 vos besoins.<\/title>\n<meta name=\"description\" content=\"Assurances pour les particuliers Assurance Auto\/Moto Des formules flexibles pour assurer votre v\u00e9hicule. \ud83d\udd25 Tiers \/ Tous risques \/ Interm\u00e9diaire \ud83d\udee1\ufe0f\" \/>\n<meta name=\"robots\" content=\"index, follow, max-snippet:-1, max-image-preview:large, max-video-preview:-1\" \/>\n<link rel=\"canonical\" href=\"https:\/\/hbassurance.com\/?page_id=2356\" \/>\n<meta property=\"og:locale\" content=\"fr_FR\" \/>\n<meta property=\"og:type\" content=\"article\" \/>\n<meta property=\"og:title\" content=\"Assurance Auto\/Moto - Chez HB Assurance, nous proposons des solutions d&#039;assurance sur mesure pour r\u00e9pondre \u00e0 vos besoins.\" \/>\n<meta property=\"og:description\" content=\"Assurances pour les particuliers Assurance Auto\/Moto Des formules flexibles pour assurer votre v\u00e9hicule. \ud83d\udd25 Tiers \/ Tous risques \/ Interm\u00e9diaire \ud83d\udee1\ufe0f\" \/>\n<meta property=\"og:url\" content=\"https:\/\/hbassurance.com\/?page_id=2356\" \/>\n<meta property=\"og:site_name\" content=\"HB Assurance\" \/>\n<meta property=\"article:modified_time\" content=\"2025-02-18T08:10:33+00:00\" \/>\n<meta property=\"og:image\" content=\"https:\/\/hbassurance.com\/wp-content\/uploads\/2025\/02\/cropped-logo_HB_ASSURANCE.png\" \/>\n\t<meta property=\"og:image:width\" content=\"666\" \/>\n\t<meta property=\"og:image:height\" content=\"374\" \/>\n\t<meta property=\"og:image:type\" content=\"image\/png\" \/>\n<meta name=\"twitter:card\" content=\"summary_large_image\" \/>\n<meta name=\"twitter:label1\" content=\"Dur\u00e9e de lecture estim\u00e9e\" \/>\n\t<meta name=\"twitter:data1\" content=\"1 minute\" \/>\n<script type=\"application\/ld+json\" class=\"yoast-schema-graph\">{\"@context\":\"https:\/\/schema.org\",\"@graph\":[{\"@type\":\"WebPage\",\"@id\":\"https:\/\/hbassurance.com\/?page_id=2356\",\"url\":\"https:\/\/hbassurance.com\/?page_id=2356\",\"name\":\"Assurance Auto\/Moto - Chez HB Assurance, nous proposons des solutions d&#039;assurance sur mesure pour r\u00e9pondre \u00e0 vos besoins.\",\"isPartOf\":{\"@id\":\"https:\/\/hbassurance.com\/#website\"},\"datePublished\":\"2025-02-13T10:17:26+00:00\",\"dateModified\":\"2025-02-18T08:10:33+00:00\",\"description\":\"Assurances pour les particuliers Assurance Auto\/Moto Des formules flexibles pour assurer votre v\u00e9hicule. \ud83d\udd25 Tiers \/ Tous risques \/ Interm\u00e9diaire \ud83d\udee1\ufe0f\",\"breadcrumb\":{\"@id\":\"https:\/\/hbassurance.com\/?page_id=2356#breadcrumb\"},\"inLanguage\":\"fr-FR\",\"potentialAction\":[{\"@type\":\"ReadAction\",\"target\":[\"https:\/\/hbassurance.com\/?page_id=2356\"]}]},{\"@type\":\"BreadcrumbList\",\"@id\":\"https:\/\/hbassurance.com\/?page_id=2356#breadcrumb\",\"itemListElement\":[{\"@type\":\"ListItem\",\"position\":1,\"name\":\"Home\",\"item\":\"https:\/\/hbassurance.com\/\"},{\"@type\":\"ListItem\",\"position\":2,\"name\":\"Assurance Auto\/Moto\"}]},{\"@type\":\"WebSite\",\"@id\":\"https:\/\/hbassurance.com\/#website\",\"url\":\"https:\/\/hbassurance.com\/\",\"name\":\"hbassurance.com\",\"description\":\"Chez HB Assurance, nous proposons des solutions d&#039;assurance sur mesure pour r\u00e9pondre \u00e0 vos besoins.\",\"publisher\":{\"@id\":\"https:\/\/hbassurance.com\/#organization\"},\"potentialAction\":[{\"@type\":\"SearchAction\",\"target\":{\"@type\":\"EntryPoint\",\"urlTemplate\":\"https:\/\/hbassurance.com\/?s={search_term_string}\"},\"query-input\":{\"@type\":\"PropertyValueSpecification\",\"valueRequired\":true,\"valueName\":\"search_term_string\"}}],\"inLanguage\":\"fr-FR\"},{\"@type\":\"Organization\",\"@id\":\"https:\/\/hbassurance.com\/#organization\",\"name\":\"HB Assurance\",\"url\":\"https:\/\/hbassurance.com\/\",\"logo\":{\"@type\":\"ImageObject\",\"inLanguage\":\"fr-FR\",\"@id\":\"https:\/\/hbassurance.com\/#\/schema\/logo\/image\/\",\"url\":\"https:\/\/hbassurance.com\/wp-content\/uploads\/2025\/02\/cropped-logo_HB_ASSURANCE.png\",\"contentUrl\":\"https:\/\/hbassurance.com\/wp-content\/uploads\/2025\/02\/cropped-logo_HB_ASSURANCE.png\",\"width\":666,\"height\":374,\"caption\":\"HB Assurance\"},\"image\":{\"@id\":\"https:\/\/hbassurance.com\/#\/schema\/logo\/image\/\"}}]}<\/script>\n<!-- \/ Yoast SEO plugin. -->","yoast_head_json":{"title":"Assurance Auto\/Moto - Chez HB Assurance, nous proposons des solutions d&#039;assurance sur mesure pour r\u00e9pondre \u00e0 vos besoins.","description":"Assurances pour les particuliers Assurance Auto\/Moto Des formules flexibles pour assurer votre v\u00e9hicule. \ud83d\udd25 Tiers \/ Tous risques \/ Interm\u00e9diaire \ud83d\udee1\ufe0f","robots":{"index":"index","follow":"follow","max-snippet":"max-snippet:-1","max-image-preview":"max-image-preview:large","max-video-preview":"max-video-preview:-1"},"canonical":"https:\/\/hbassurance.com\/?page_id=2356","og_locale":"fr_FR","og_type":"article","og_title":"Assurance Auto\/Moto - Chez HB Assurance, nous proposons des solutions d&#039;assurance sur mesure pour r\u00e9pondre \u00e0 vos besoins.","og_description":"Assurances pour les particuliers Assurance Auto\/Moto Des formules flexibles pour assurer votre v\u00e9hicule. \ud83d\udd25 Tiers \/ Tous risques \/ Interm\u00e9diaire \ud83d\udee1\ufe0f","og_url":"https:\/\/hbassurance.com\/?page_id=2356","og_site_name":"HB Assurance","article_modified_time":"2025-02-18T08:10:33+00:00","og_image":[{"width":666,"height":374,"url":"https:\/\/hbassurance.com\/wp-content\/uploads\/2025\/02\/cropped-logo_HB_ASSURANCE.png","type":"image\/png"}],"twitter_card":"summary_large_image","twitter_misc":{"Dur\u00e9e de lecture estim\u00e9e":"1 minute"},"schema":{"@context":"https:\/\/schema.org","@graph":[{"@type":"WebPage","@id":"https:\/\/hbassurance.com\/?page_id=2356","url":"https:\/\/hbassurance.com\/?page_id=2356","name":"Assurance Auto\/Moto - Chez HB Assurance, nous proposons des solutions d&#039;assurance sur mesure pour r\u00e9pondre \u00e0 vos besoins.","isPartOf":{"@id":"https:\/\/hbassurance.com\/#website"},"datePublished":"2025-02-13T10:17:26+00:00","dateModified":"2025-02-18T08:10:33+00:00","description":"Assurances pour les particuliers Assurance Auto\/Moto Des formules flexibles pour assurer votre v\u00e9hicule. \ud83d\udd25 Tiers \/ Tous risques \/ Interm\u00e9diaire \ud83d\udee1\ufe0f","breadcrumb":{"@id":"https:\/\/hbassurance.com\/?page_id=2356#breadcrumb"},"inLanguage":"fr-FR","potentialAction":[{"@type":"ReadAction","target":["https:\/\/hbassurance.com\/?page_id=2356"]}]},{"@type":"BreadcrumbList","@id":"https:\/\/hbassurance.com\/?page_id=2356#breadcrumb","itemListElement":[{"@type":"ListItem","position":1,"name":"Home","item":"https:\/\/hbassurance.com\/"},{"@type":"ListItem","position":2,"name":"Assurance Auto\/Moto"}]},{"@type":"WebSite","@id":"https:\/\/hbassurance.com\/#website","url":"https:\/\/hbassurance.com\/","name":"hbassurance.com","description":"Chez HB Assurance, nous proposons des solutions d&#039;assurance sur mesure pour r\u00e9pondre \u00e0 vos besoins.","publisher":{"@id":"https:\/\/hbassurance.com\/#organization"},"potentialAction":[{"@type":"SearchAction","target":{"@type":"EntryPoint","urlTemplate":"https:\/\/hbassurance.com\/?s={search_term_string}"},"query-input":{"@type":"PropertyValueSpecification","valueRequired":true,"valueName":"search_term_string"}}],"inLanguage":"fr-FR"},{"@type":"Organization","@id":"https:\/\/hbassurance.com\/#organization","name":"HB Assurance","url":"https:\/\/hbassurance.com\/","logo":{"@type":"ImageObject","inLanguage":"fr-FR","@id":"https:\/\/hbassurance.com\/#\/schema\/logo\/image\/","url":"https:\/\/hbassurance.com\/wp-content\/uploads\/2025\/02\/cropped-logo_HB_ASSURANCE.png","contentUrl":"https:\/\/hbassurance.com\/wp-content\/uploads\/2025\/02\/cropped-logo_HB_ASSURANCE.png","width":666,"height":374,"caption":"HB Assurance"},"image":{"@id":"https:\/\/hbassurance.com\/#\/schema\/logo\/image\/"}}]}},"_links":{"self":[{"href":"https:\/\/hbassurance.com\/index.php?rest_route=\/wp\/v2\/pages\/2356","targetHints":{"allow":["GET"]}}],"collection":[{"href":"https:\/\/hbassurance.com\/index.php?rest_route=\/wp\/v2\/pages"}],"about":[{"href":"https:\/\/hbassurance.com\/index.php?rest_route=\/wp\/v2\/types\/page"}],"author":[{"embeddable":true,"href":"https:\/\/hbassurance.com\/index.php?rest_route=\/wp\/v2\/users\/1"}],"replies":[{"embeddable":true,"href":"https:\/\/hbassurance.com\/index.php?rest_route=%2Fwp%2Fv2%2Fcomments&post=2356"}],"version-history":[{"count":16,"href":"https:\/\/hbassurance.com\/index.php?rest_route=\/wp\/v2\/pages\/2356\/revisions"}],"predecessor-version":[{"id":3063,"href":"https:\/\/hbassurance.com\/index.php?rest_route=\/wp\/v2\/pages\/2356\/revisions\/3063"}],"wp:attachment":[{"href":"https:\/\/hbassurance.com\/index.php?rest_route=%2Fwp%2Fv2%2Fmedia&parent=2356"}],"curies":[{"name":"wp","href":"https:\/\/api.w.org\/{rel}","templated":true}]}}