{"id":2371,"date":"2025-02-13T11:19:05","date_gmt":"2025-02-13T10:19:05","guid":{"rendered":"https:\/\/hbassurance.com\/?page_id=2371"},"modified":"2025-02-17T17:48:39","modified_gmt":"2025-02-17T16:48:39","slug":"assurance-responsabilite-civile-professionnelle","status":"publish","type":"page","link":"https:\/\/hbassurance.com\/?page_id=2371","title":{"rendered":"Assurance Responsabilit\u00e9 Civile Professionnelle"},"content":{"rendered":"\t\t<div data-elementor-type=\"wp-page\" data-elementor-id=\"2371\" class=\"elementor elementor-2371\">\n\t\t\t\t<div class=\"elementor-element elementor-element-879d9c9 e-flex e-con-boxed e-con e-parent\" data-id=\"879d9c9\" data-element_type=\"container\">\n\t\t\t\t\t<div class=\"e-con-inner\">\n\t\t\t\t<div class=\"elementor-element elementor-element-257b9c3 elementor-widget elementor-widget-html\" data-id=\"257b9c3\" data-element_type=\"widget\" data-widget_type=\"html.default\">\n\t\t\t\t<div class=\"elementor-widget-container\">\n\t\t\t\t\t<div class=\"elementor-widget-container\">\r\n  <section\r\n    class=\"about-section anim-object pdt-110 pdb-110 pdb-lg-110\"\r\n    data-background=\"https:\/\/shtheme.com\/demosd\/insuren\/wp-content\/uploads\/2022\/11\/abs-bg3.png\"\r\n    style=\"\r\n      background-image: url('https:\/\/shtheme.com\/demosd\/insuren\/wp-content\/uploads\/2022\/11\/abs-bg3.png');\r\n      background-size: cover;\r\n      background-position: center;\r\n    \"\r\n  >\r\n    <div class=\"container\">\r\n      <div class=\"row align-items-center\">\r\n        <!-- Texte \u00e0 gauche avec animation -->\r\n        <div class=\"col-md-12 col-lg-6 fade-in\">\r\n          <div class=\"info-box p-4\">\r\n            <h5 class=\"side-line-left text-primary-color mrb-10\">\r\n              Assurances pour les professionnels\r\n            <\/h5>\r\n            <h3 class=\"mrb-35\">\r\n              Responsabilit\u00e9 Civile Professionnelle (RC Pro)\r\n            <\/h3>\r\n            <p class=\"mrb-30\">\r\n              Une protection indispensable contre les dommages caus\u00e9s \u00e0 des\r\n              tiers.\r\n            <\/p>\r\n\r\n            <ul class=\"order-list primary-color mrb-35\">\r\n              <li>\r\n                <h5>\r\n                  \ud83d\udd25 Garantie des erreurs, omissions, n\u00e9gligences\r\n                  professionnelles\r\n                <\/h5>\r\n              <\/li>\r\n              <li>\r\n                <h5>\r\n                  \ud83d\udee1\ufe0f Protection en cas de litige ou de r\u00e9clamation d\u2019un client\r\n                <\/h5>\r\n              <\/li>\r\n              <li><h5>\u23f3 Assistance juridique incluse<\/h5><\/li>\r\n            <\/ul>\r\n\r\n            <div class=\"featured-icon-box d-flex align-items-center\">\r\n              <div class=\"featured-icon\">\r\n                <i class=\"webexflaticon flaticon-employee-2\"><\/i>\r\n              <\/div>\r\n              <div class=\"featured-content\">\r\n                <h4 class=\"featured-title\">\r\n                  \u00c0 qui s\u2019adresse cette assurance ?\r\n                <\/h4>\r\n                <h6>\u2192 Locataires, propri\u00e9taires occupants, \u00e9tudiants.<\/h6>\r\n              <\/div>\r\n            <\/div>\r\n\r\n            <!-- Boutons stylis\u00e9s -->\r\n            <div class=\"d-flex flex-column gap-2 mt-4\">\r\n              <a href=\"?page_id=2607\" class=\"btn-custom w-100\"\r\n              title=\"Obtenir un devis\"\r\n                >Obtenir un devis personnalis\u00e9<\/a\r\n              >\r\n              <div class=\"d-flex flex-wrap gap-2\">\r\n                <a href=\"?page_id=1778\" class=\"btn-custom\"\r\n                title=\"Souscrire \u00e0 HB Assurance\"\r\n                  >Souscrire en ligne<\/a\r\n                >\r\n                <a href=\"?page_id=501\" class=\"btn-custom\" title=\"Parler \u00e0 un expert HB Assurance\">Parler \u00e0 un expert<\/a>\r\n              <\/div>\r\n            <\/div>\r\n          <\/div>\r\n        <\/div>\r\n\r\n        <!-- Image \u00e0 droite avec effet stylis\u00e9 -->\r\n        <div class=\"col-md-12 col-lg-6 text-center\">\r\n          <div class=\"image-container\">\r\n            <img\r\n              decoding=\"async\"\r\n              class=\"about-image1 img-fluid\"\r\n              src=\"https:\/\/www.assurancedesmetiers.com\/wp-content\/uploads\/2023\/02\/contrat-rc-pro.jpg\"\r\n              alt=\"Assurance Responsabilit\u00e9 Civile professionnelle\"\r\n            \/>\r\n          <\/div>\r\n        <\/div>\r\n      <\/div>\r\n    <\/div>\r\n  <\/section>\r\n<\/div>\r\n\r\n<style>\r\n  \/* Animation au chargement *\/\r\n  .fade-in {\r\n    opacity: 0;\r\n    transform: translateY(30px);\r\n    animation: fadeInUp 1s ease-out forwards;\r\n  }\r\n\r\n  @keyframes fadeInUp {\r\n    from {\r\n      opacity: 0;\r\n      transform: translateY(30px);\r\n    }\r\n    to {\r\n      opacity: 1;\r\n      transform: translateY(0);\r\n    }\r\n  }\r\n\r\n  \/* Effet d'image stylis\u00e9 *\/\r\n  .image-container {\r\n    max-width: 100%;\r\n    border-radius: 15px;\r\n    box-shadow: 0 4px 10px rgba(0, 0, 0, 0.2);\r\n    overflow: hidden;\r\n    transition: transform 0.3s ease-in-out;\r\n  }\r\n\r\n  .image-container img {\r\n    width: 100%;\r\n    border-radius: 15px;\r\n    transition: transform 0.3s ease-in-out;\r\n  }\r\n\r\n  .image-container:hover {\r\n    transform: scale(1.05);\r\n  }\r\n\r\n  \/* Bo\u00eete d'info stylis\u00e9e *\/\r\n  .info-box {\r\n    background: #ffffff;\r\n    border-radius: 10px;\r\n    box-shadow: 0 4px 10px rgba(0, 0, 0, 0.1);\r\n    padding: 20px;\r\n    transition: transform 0.3s ease-in-out;\r\n  }\r\n\r\n  .info-box:hover {\r\n    transform: scale(1.02);\r\n  }\r\n\r\n  \/* Boutons stylis\u00e9s *\/\r\n  .btn-custom {\r\n    background-color: #007bff;\r\n    color: white;\r\n    padding: 12px 18px;\r\n    border-radius: 5px;\r\n    text-decoration: none;\r\n    font-weight: bold;\r\n    transition: all 0.3s ease-in-out;\r\n    text-align: center;\r\n    flex-grow: 1;\r\n    display: inline-block;\r\n  }\r\n\r\n  .btn-custom:hover {\r\n    background-color: #0056b3;\r\n    transform: scale(1.05);\r\n    color: white !important; \/* Force le texte \u00e0 rester blanc *\/\r\n  }\r\n\r\n  \/* Espacement *\/\r\n  .gap-2 {\r\n    gap: 10px;\r\n  }\r\n<\/style>\r\n\t\t\t\t<\/div>\n\t\t\t\t<\/div>\n\t\t\t\t\t<\/div>\n\t\t\t\t<\/div>\n\t\t\t\t<\/div>\n\t\t","protected":false},"excerpt":{"rendered":"<p>Assurances pour les professionnels Responsabilit\u00e9 Civile Professionnelle (RC Pro) Une protection indispensable contre les dommages caus\u00e9s \u00e0 des tiers. \ud83d\udd25 Garantie des erreurs, omissions, n\u00e9gligences professionnelles \ud83d\udee1\ufe0f Protection en cas de litige ou de r\u00e9clamation d\u2019un client \u23f3 Assistance juridique incluse \u00c0 qui s\u2019adresse cette assurance ? \u2192 Locataires, propri\u00e9taires occupants, \u00e9tudiants. Obtenir un devis [&hellip;]<\/p>\n","protected":false},"author":1,"featured_media":0,"parent":0,"menu_order":0,"comment_status":"closed","ping_status":"closed","template":"","meta":{"content-type":"","footnotes":""},"class_list":["post-2371","page","type-page","status-publish","hentry"],"yoast_head":"<!-- This site is optimized with the Yoast SEO plugin v24.4 - https:\/\/yoast.com\/wordpress\/plugins\/seo\/ -->\n<title>Assurance Responsabilit\u00e9 Civile Professionnelle - Chez HB Assurance, nous proposons des solutions d&#039;assurance sur mesure pour r\u00e9pondre \u00e0 vos besoins.<\/title>\n<meta name=\"description\" content=\"Assurances pour les professionnels Responsabilit\u00e9 Civile Professionnelle (RC Pro) Une protection indispensable contre les dommages caus\u00e9s \u00e0 des tiers. \ud83d\udd25\" \/>\n<meta name=\"robots\" content=\"index, follow, max-snippet:-1, max-image-preview:large, max-video-preview:-1\" \/>\n<link rel=\"canonical\" href=\"https:\/\/hbassurance.com\/?page_id=2371\" \/>\n<meta property=\"og:locale\" content=\"fr_FR\" \/>\n<meta property=\"og:type\" content=\"article\" \/>\n<meta property=\"og:title\" content=\"Assurance Responsabilit\u00e9 Civile Professionnelle - Chez HB Assurance, nous proposons des solutions d&#039;assurance sur mesure pour r\u00e9pondre \u00e0 vos besoins.\" \/>\n<meta property=\"og:description\" content=\"Assurances pour les professionnels Responsabilit\u00e9 Civile Professionnelle (RC Pro) Une protection indispensable contre les dommages caus\u00e9s \u00e0 des tiers. \ud83d\udd25\" \/>\n<meta property=\"og:url\" content=\"https:\/\/hbassurance.com\/?page_id=2371\" \/>\n<meta property=\"og:site_name\" content=\"HB Assurance\" \/>\n<meta property=\"article:modified_time\" content=\"2025-02-17T16:48:39+00:00\" \/>\n<meta property=\"og:image\" content=\"https:\/\/hbassurance.com\/wp-content\/uploads\/2025\/02\/cropped-logo_HB_ASSURANCE.png\" \/>\n\t<meta property=\"og:image:width\" content=\"666\" \/>\n\t<meta property=\"og:image:height\" content=\"374\" \/>\n\t<meta property=\"og:image:type\" content=\"image\/png\" \/>\n<meta name=\"twitter:card\" content=\"summary_large_image\" \/>\n<meta name=\"twitter:label1\" content=\"Dur\u00e9e de lecture estim\u00e9e\" \/>\n\t<meta name=\"twitter:data1\" content=\"2 minutes\" \/>\n<script type=\"application\/ld+json\" class=\"yoast-schema-graph\">{\"@context\":\"https:\/\/schema.org\",\"@graph\":[{\"@type\":\"WebPage\",\"@id\":\"https:\/\/hbassurance.com\/?page_id=2371\",\"url\":\"https:\/\/hbassurance.com\/?page_id=2371\",\"name\":\"Assurance Responsabilit\u00e9 Civile Professionnelle - Chez HB Assurance, nous proposons des solutions d&#039;assurance sur mesure pour r\u00e9pondre \u00e0 vos besoins.\",\"isPartOf\":{\"@id\":\"https:\/\/hbassurance.com\/#website\"},\"datePublished\":\"2025-02-13T10:19:05+00:00\",\"dateModified\":\"2025-02-17T16:48:39+00:00\",\"description\":\"Assurances pour les professionnels Responsabilit\u00e9 Civile Professionnelle (RC Pro) Une protection indispensable contre les dommages caus\u00e9s \u00e0 des tiers. \ud83d\udd25\",\"breadcrumb\":{\"@id\":\"https:\/\/hbassurance.com\/?page_id=2371#breadcrumb\"},\"inLanguage\":\"fr-FR\",\"potentialAction\":[{\"@type\":\"ReadAction\",\"target\":[\"https:\/\/hbassurance.com\/?page_id=2371\"]}]},{\"@type\":\"BreadcrumbList\",\"@id\":\"https:\/\/hbassurance.com\/?page_id=2371#breadcrumb\",\"itemListElement\":[{\"@type\":\"ListItem\",\"position\":1,\"name\":\"Home\",\"item\":\"https:\/\/hbassurance.com\/\"},{\"@type\":\"ListItem\",\"position\":2,\"name\":\"Assurance Responsabilit\u00e9 Civile Professionnelle\"}]},{\"@type\":\"WebSite\",\"@id\":\"https:\/\/hbassurance.com\/#website\",\"url\":\"https:\/\/hbassurance.com\/\",\"name\":\"hbassurance.com\",\"description\":\"Chez HB Assurance, nous proposons des solutions d&#039;assurance sur mesure pour r\u00e9pondre \u00e0 vos besoins.\",\"publisher\":{\"@id\":\"https:\/\/hbassurance.com\/#organization\"},\"potentialAction\":[{\"@type\":\"SearchAction\",\"target\":{\"@type\":\"EntryPoint\",\"urlTemplate\":\"https:\/\/hbassurance.com\/?s={search_term_string}\"},\"query-input\":{\"@type\":\"PropertyValueSpecification\",\"valueRequired\":true,\"valueName\":\"search_term_string\"}}],\"inLanguage\":\"fr-FR\"},{\"@type\":\"Organization\",\"@id\":\"https:\/\/hbassurance.com\/#organization\",\"name\":\"HB Assurance\",\"url\":\"https:\/\/hbassurance.com\/\",\"logo\":{\"@type\":\"ImageObject\",\"inLanguage\":\"fr-FR\",\"@id\":\"https:\/\/hbassurance.com\/#\/schema\/logo\/image\/\",\"url\":\"https:\/\/hbassurance.com\/wp-content\/uploads\/2025\/02\/cropped-logo_HB_ASSURANCE.png\",\"contentUrl\":\"https:\/\/hbassurance.com\/wp-content\/uploads\/2025\/02\/cropped-logo_HB_ASSURANCE.png\",\"width\":666,\"height\":374,\"caption\":\"HB Assurance\"},\"image\":{\"@id\":\"https:\/\/hbassurance.com\/#\/schema\/logo\/image\/\"}}]}<\/script>\n<!-- \/ Yoast SEO plugin. -->","yoast_head_json":{"title":"Assurance Responsabilit\u00e9 Civile Professionnelle - Chez HB Assurance, nous proposons des solutions d&#039;assurance sur mesure pour r\u00e9pondre \u00e0 vos besoins.","description":"Assurances pour les professionnels Responsabilit\u00e9 Civile Professionnelle (RC Pro) Une protection indispensable contre les dommages caus\u00e9s \u00e0 des tiers. \ud83d\udd25","robots":{"index":"index","follow":"follow","max-snippet":"max-snippet:-1","max-image-preview":"max-image-preview:large","max-video-preview":"max-video-preview:-1"},"canonical":"https:\/\/hbassurance.com\/?page_id=2371","og_locale":"fr_FR","og_type":"article","og_title":"Assurance Responsabilit\u00e9 Civile Professionnelle - Chez HB Assurance, nous proposons des solutions d&#039;assurance sur mesure pour r\u00e9pondre \u00e0 vos besoins.","og_description":"Assurances pour les professionnels Responsabilit\u00e9 Civile Professionnelle (RC Pro) Une protection indispensable contre les dommages caus\u00e9s \u00e0 des tiers. \ud83d\udd25","og_url":"https:\/\/hbassurance.com\/?page_id=2371","og_site_name":"HB Assurance","article_modified_time":"2025-02-17T16:48:39+00:00","og_image":[{"width":666,"height":374,"url":"https:\/\/hbassurance.com\/wp-content\/uploads\/2025\/02\/cropped-logo_HB_ASSURANCE.png","type":"image\/png"}],"twitter_card":"summary_large_image","twitter_misc":{"Dur\u00e9e de lecture estim\u00e9e":"2 minutes"},"schema":{"@context":"https:\/\/schema.org","@graph":[{"@type":"WebPage","@id":"https:\/\/hbassurance.com\/?page_id=2371","url":"https:\/\/hbassurance.com\/?page_id=2371","name":"Assurance Responsabilit\u00e9 Civile Professionnelle - Chez HB Assurance, nous proposons des solutions d&#039;assurance sur mesure pour r\u00e9pondre \u00e0 vos besoins.","isPartOf":{"@id":"https:\/\/hbassurance.com\/#website"},"datePublished":"2025-02-13T10:19:05+00:00","dateModified":"2025-02-17T16:48:39+00:00","description":"Assurances pour les professionnels Responsabilit\u00e9 Civile Professionnelle (RC Pro) Une protection indispensable contre les dommages caus\u00e9s \u00e0 des tiers. \ud83d\udd25","breadcrumb":{"@id":"https:\/\/hbassurance.com\/?page_id=2371#breadcrumb"},"inLanguage":"fr-FR","potentialAction":[{"@type":"ReadAction","target":["https:\/\/hbassurance.com\/?page_id=2371"]}]},{"@type":"BreadcrumbList","@id":"https:\/\/hbassurance.com\/?page_id=2371#breadcrumb","itemListElement":[{"@type":"ListItem","position":1,"name":"Home","item":"https:\/\/hbassurance.com\/"},{"@type":"ListItem","position":2,"name":"Assurance Responsabilit\u00e9 Civile Professionnelle"}]},{"@type":"WebSite","@id":"https:\/\/hbassurance.com\/#website","url":"https:\/\/hbassurance.com\/","name":"hbassurance.com","description":"Chez HB Assurance, nous proposons des solutions d&#039;assurance sur mesure pour r\u00e9pondre \u00e0 vos besoins.","publisher":{"@id":"https:\/\/hbassurance.com\/#organization"},"potentialAction":[{"@type":"SearchAction","target":{"@type":"EntryPoint","urlTemplate":"https:\/\/hbassurance.com\/?s={search_term_string}"},"query-input":{"@type":"PropertyValueSpecification","valueRequired":true,"valueName":"search_term_string"}}],"inLanguage":"fr-FR"},{"@type":"Organization","@id":"https:\/\/hbassurance.com\/#organization","name":"HB Assurance","url":"https:\/\/hbassurance.com\/","logo":{"@type":"ImageObject","inLanguage":"fr-FR","@id":"https:\/\/hbassurance.com\/#\/schema\/logo\/image\/","url":"https:\/\/hbassurance.com\/wp-content\/uploads\/2025\/02\/cropped-logo_HB_ASSURANCE.png","contentUrl":"https:\/\/hbassurance.com\/wp-content\/uploads\/2025\/02\/cropped-logo_HB_ASSURANCE.png","width":666,"height":374,"caption":"HB Assurance"},"image":{"@id":"https:\/\/hbassurance.com\/#\/schema\/logo\/image\/"}}]}},"_links":{"self":[{"href":"https:\/\/hbassurance.com\/index.php?rest_route=\/wp\/v2\/pages\/2371","targetHints":{"allow":["GET"]}}],"collection":[{"href":"https:\/\/hbassurance.com\/index.php?rest_route=\/wp\/v2\/pages"}],"about":[{"href":"https:\/\/hbassurance.com\/index.php?rest_route=\/wp\/v2\/types\/page"}],"author":[{"embeddable":true,"href":"https:\/\/hbassurance.com\/index.php?rest_route=\/wp\/v2\/users\/1"}],"replies":[{"embeddable":true,"href":"https:\/\/hbassurance.com\/index.php?rest_route=%2Fwp%2Fv2%2Fcomments&post=2371"}],"version-history":[{"count":19,"href":"https:\/\/hbassurance.com\/index.php?rest_route=\/wp\/v2\/pages\/2371\/revisions"}],"predecessor-version":[{"id":3045,"href":"https:\/\/hbassurance.com\/index.php?rest_route=\/wp\/v2\/pages\/2371\/revisions\/3045"}],"wp:attachment":[{"href":"https:\/\/hbassurance.com\/index.php?rest_route=%2Fwp%2Fv2%2Fmedia&parent=2371"}],"curies":[{"name":"wp","href":"https:\/\/api.w.org\/{rel}","templated":true}]}}