{"id":54,"date":"2025-02-05T17:03:51","date_gmt":"2025-02-05T16:03:51","guid":{"rendered":"https:\/\/hbassurance.com\/?page_id=54"},"modified":"2025-02-17T17:42:28","modified_gmt":"2025-02-17T16:42:28","slug":"hbassurance-services-elementor-2","status":"publish","type":"page","link":"https:\/\/hbassurance.com\/?page_id=54","title":{"rendered":"Professionnels"},"content":{"rendered":"\t\t<div data-elementor-type=\"wp-page\" data-elementor-id=\"54\" class=\"elementor elementor-54\">\n\t\t\t\t<div class=\"elementor-element elementor-element-0443d9a e-flex e-con-boxed e-con e-parent\" data-id=\"0443d9a\" data-element_type=\"container\">\n\t\t\t\t\t<div class=\"e-con-inner\">\n\t\t\t\t<div class=\"elementor-element elementor-element-00a0293 elementor-widget elementor-widget-html\" data-id=\"00a0293\" data-element_type=\"widget\" data-widget_type=\"html.default\">\n\t\t\t\t<div class=\"elementor-widget-container\">\n\t\t\t\t\t<section\r\n  class=\"elementor-section elementor-top-section elementor-element elementor-element-487f657 elementor-section-full_width elementor-section-height-default elementor-section-height-default\"\r\n  data-id=\"487f657\"\r\n  data-element_type=\"section\"\r\n>\r\n  <div class=\"elementor-container elementor-column-gap-no\">\r\n    <div\r\n      class=\"elementor-column elementor-col-100 elementor-top-column elementor-element elementor-element-d9bb3fb\"\r\n      data-id=\"d9bb3fb\"\r\n      data-element_type=\"column\"\r\n    >\r\n      <div class=\"elementor-widget-wrap elementor-element-populated\">\r\n        <div\r\n          class=\"elementor-element elementor-element-c79544a elementor-align-left elementor-widget elementor-widget-home-1-features\"\r\n          data-id=\"c79544a\"\r\n          data-element_type=\"widget\"\r\n          data-widget_type=\"home-1-features.default\"\r\n        >\r\n          <div class=\"elementor-widget-container\">\r\n            <section\r\n              class=\"features-section bg-silver pdt-110 pdb-80\"\r\n              data-background=\"https:\/\/shtheme.com\/demosd\/insuren\/wp-content\/uploads\/2022\/11\/abs-bg8.png\"\r\n              style=\"\r\n                background-image: url('https:\/\/shtheme.com\/demosd\/insuren\/wp-content\/uploads\/2022\/11\/abs-bg8.png');\r\n                background-repeat: no-repeat;\r\n                background-size: contain;\r\n              \"\r\n            >\r\n              <div\r\n                class=\"section-title text-center wow fadeInUp animated\"\r\n                data-wow-delay=\"0ms\"\r\n                data-wow-duration=\"1500ms\"\r\n                style=\"\r\n                  visibility: visible;\r\n                  animation-duration: 1500ms;\r\n                  animation-delay: 0ms;\r\n                  animation-name: fadeInUp;\r\n                \"\r\n              >\r\n                <div class=\"container\">\r\n                  <div class=\"row\">\r\n                    <div class=\"col\"><\/div>\r\n                    <div class=\"col-lg-8 col-xl-6\">\r\n                      <div class=\"title-box-center\">\r\n                        <h2>Nos services pour les professionnels<\/h2>\r\n                      <\/div>\r\n                    <\/div>\r\n                    <div class=\"col\"><\/div>\r\n                  <\/div>\r\n                <\/div>\r\n              <\/div>\r\n              <div class=\"section-content\">\r\n                <div class=\"container\">\r\n                  <!-- Premi\u00e8re paire de conteneurs -->\r\n                  <div class=\"row justify-content-center mb-4\">\r\n                    <div class=\"col-md-4\">\r\n                      <div class=\"services-boxes\">\r\n                        <div class=\"services-inner\">\r\n                          <div class=\"services-shape\">\r\n                            <img\r\n                              decoding=\"async\"\r\n                              src=\"https:\/\/shtheme.com\/demosd\/insuren\/wp-content\/uploads\/2022\/11\/6.png\"\r\n                              alt=\"service d'assurance Multi-risques Professionnelle\"\r\n                            \/>\r\n                          <\/div>\r\n                          <div class=\"services-count\"><\/div>\r\n                          <i\r\n                            class=\"services-icon webexflaticon flaticon-house\"\r\n                          ><\/i>\r\n                          <h4\r\n                            style=\"min-height: 80px; max-height: 80px\"\r\n                            class=\"services-title\"\r\n                          >\r\n                            <a\r\n                              href=\"https:\/\/shtheme.com\/demosd\/insuren\/?service=life-insurance\"\r\n                              >Assurance Multi-risques Professionnelle (MRP)\r\n                              :<\/a\r\n                            >\r\n                          <\/h4>\r\n                          <p\r\n                            style=\"min-height: 100px; max-height: 280px\"\r\n                            class=\"services-description\"\r\n                          >\r\n                            Prot\u00e9gez votre activit\u00e9, vos locaux et votre\r\n                            mat\u00e9riel contre les risques professionnels.\r\n                          <\/p>\r\n                          <div class=\"service-item-link\">\r\n                            <a\r\n                              href=\"?page_id=2368\"\r\n                              class=\"cs-btn-one btn-primary-color btn-sm btn-block mrr-30\"\r\n                              title=\"D\u00e9couvrir l'assurance multi-risques professionnelle\"\r\n                            >\r\n                              D\u00e9couvrir\r\n                            <\/a>\r\n                          <\/div>\r\n                        <\/div>\r\n                      <\/div>\r\n                    <\/div>\r\n                    <div style=\"width: 10px\"><\/div>\r\n                    <div class=\"col-md-4\">\r\n                      <div class=\"services-boxes\">\r\n                        <div class=\"services-inner\">\r\n                          <div class=\"services-shape\">\r\n                            <img\r\n                              decoding=\"async\"\r\n                              src=\"https:\/\/shtheme.com\/demosd\/insuren\/wp-content\/uploads\/2022\/11\/6.png\"\r\n                              alt=\"service d'assurance Responsabilit\u00e9 Civile  Professionnelle\"\r\n                            \/>\r\n                          <\/div>\r\n                          <div class=\"services-count\"><\/div>\r\n                          <i\r\n                            class=\"services-icon webexflaticon flaticon-handshake\"\r\n                          ><\/i>\r\n                          <h4\r\n                            style=\"min-height: 80px; max-height: 80px\"\r\n                            class=\"services-title\"\r\n                          >\r\n                            <a\r\n                              href=\"https:\/\/shtheme.com\/demosd\/insuren\/?service=travel-insurance\"\r\n                              >Responsabilit\u00e9 Civile Professionnelle :<\/a\r\n                            >\r\n                          <\/h4>\r\n                          <p\r\n                            style=\"min-height: 100px; max-height: 280px\"\r\n                            class=\"services-description\"\r\n                          >\r\n                            Une couverture essentielle pour prot\u00e9ger votre\r\n                            entreprise contre les dommages caus\u00e9s \u00e0 des tiers.\r\n                          <\/p>\r\n                          <div class=\"service-item-link\">\r\n                            <a\r\n                              href=\"?page_id=2371\"\r\n                              class=\"cs-btn-one btn-primary-color btn-sm btn-block mrr-30\"\r\n                              title=\"D\u00e9couvrir l'assurance responsabilit\u00e9 civile professionnelle\"\r\n                            >\r\n                              D\u00e9couvrir\r\n                            <\/a>\r\n                          <\/div>\r\n                        <\/div>\r\n                      <\/div>\r\n                    <\/div>\r\n                  <\/div>\r\n\r\n                  <!-- Deuxi\u00e8me paire de conteneurs -->\r\n                  <div class=\"row justify-content-center mb-4\">\r\n                    <div class=\"col-md-4\">\r\n                      <div class=\"services-boxes\">\r\n                        <div class=\"services-inner\">\r\n                          <div class=\"services-shape\">\r\n                            <img\r\n                              decoding=\"async\"\r\n                              src=\"https:\/\/shtheme.com\/demosd\/insuren\/wp-content\/uploads\/2022\/11\/6.png\"\r\n                              alt=\"service d'assurance Sant\u00e9 Collective\"\r\n                            \/>\r\n                          <\/div>\r\n                          <div class=\"services-count\"><\/div>\r\n                          <i\r\n                            class=\"services-icon webexflaticon flaticon-like-1\"\r\n                          ><\/i>\r\n                          <h4\r\n                            style=\"min-height: 80px; max-height: 80px\"\r\n                            class=\"services-title\"\r\n                          >\r\n                            <a\r\n                              href=\"https:\/\/shtheme.com\/demosd\/insuren\/?service=car-insurance\"\r\n                              >Assurance Sant\u00e9 Collective :\r\n                            <\/a>\r\n                          <\/h4>\r\n                          <p\r\n                            style=\"min-height: 100px; max-height: 280px\"\r\n                            class=\"services-description\"\r\n                          >\r\n                            Offrez une protection sant\u00e9 \u00e0 vos salari\u00e9s avec des\r\n                            contrats sur mesure.\r\n                          <\/p>\r\n                          <div class=\"service-item-link\">\r\n                            <a\r\n                              href=\"?page_id=2374\"\r\n                              class=\"cs-btn-one btn-primary-color btn-sm btn-block mrr-30\"\r\n                              title=\"D\u00e9couvrir l'assurance sant\u00e9 collective\"\r\n                              >D\u00e9couvrir\r\n                            <\/a>\r\n                          <\/div>\r\n                        <\/div>\r\n                      <\/div>\r\n                    <\/div>\r\n                    <div style=\"width: 10px\"><\/div>\r\n\r\n                    <div class=\"col-md-4\">\r\n                      <div class=\"services-boxes\">\r\n                        <div class=\"services-inner\">\r\n                          <div class=\"services-shape\">\r\n                            <img\r\n                              decoding=\"async\"\r\n                              src=\"https:\/\/shtheme.com\/demosd\/insuren\/wp-content\/uploads\/2022\/11\/6.png\"\r\n                              alt=\"service d'assurance pour les flottes de v\u00e9hicules\"\r\n                            \/>\r\n                          <\/div>\r\n                          <div class=\"services-count\"><\/div>\r\n                          <i\r\n                            class=\"services-icon webexflaticon flaticon-delivery-truck-1\"\r\n                          ><\/i>\r\n                          <h4\r\n                            style=\"min-height: 80px; max-height: 80px\"\r\n                            class=\"services-title\"\r\n                          >\r\n                            <a\r\n                              href=\"https:\/\/shtheme.com\/demosd\/insuren\/?service=health-insurance\"\r\n                              >Assurances pour les flottes de v\u00e9hicules :<\/a\r\n                            >\r\n                          <\/h4>\r\n                          <p\r\n                            style=\"min-height: 100px; max-height: 280px\"\r\n                            class=\"services-description\"\r\n                          >\r\n                            Solutions flexibles pour couvrir les v\u00e9hicules\r\n                            professionnels.\r\n                          <\/p>\r\n                          <div class=\"service-item-link\">\r\n                            <a\r\n                              href=\"?page_id=2374\"\r\n                              class=\"cs-btn-one btn-primary-color btn-sm btn-block mrr-30\"\r\n                              title=\"D\u00e9couvrir l'assurance pour les flottes de v\u00e9hicules\"\r\n                            >\r\n                              D\u00e9couvrir\r\n                            <\/a>\r\n                          <\/div>\r\n                        <\/div>\r\n                      <\/div>\r\n                    <\/div>\r\n                  <\/div>\r\n                <\/div>\r\n              <\/div>\r\n            <\/section>\r\n          <\/div>\r\n        <\/div>\r\n      <\/div>\r\n    <\/div>\r\n  <\/div>\r\n<\/section>\t\t\t\t<\/div>\n\t\t\t\t<\/div>\n\t\t\t\t\t<\/div>\n\t\t\t\t<\/div>\n\t\t<div class=\"elementor-element elementor-element-0bbd4de e-flex e-con-boxed e-con e-parent\" data-id=\"0bbd4de\" data-element_type=\"container\">\n\t\t\t\t\t<div class=\"e-con-inner\">\n\t\t\t\t\t<\/div>\n\t\t\t\t<\/div>\n\t\t\t\t<\/div>\n\t\t","protected":false},"excerpt":{"rendered":"<p>Nos services pour les professionnels Assurance Multi-risques Professionnelle (MRP) : Prot\u00e9gez votre activit\u00e9, vos locaux et votre mat\u00e9riel contre les risques professionnels. D\u00e9couvrir Responsabilit\u00e9 Civile Professionnelle : Une couverture essentielle pour prot\u00e9ger votre entreprise contre les dommages caus\u00e9s \u00e0 des tiers. D\u00e9couvrir Assurance Sant\u00e9 Collective : Offrez une protection sant\u00e9 \u00e0 vos salari\u00e9s avec des [&hellip;]<\/p>\n","protected":false},"author":1,"featured_media":0,"parent":0,"menu_order":0,"comment_status":"closed","ping_status":"closed","template":"","meta":{"content-type":"","footnotes":""},"class_list":["post-54","page","type-page","status-publish","hentry"],"yoast_head":"<!-- This site is optimized with the Yoast SEO plugin v24.4 - https:\/\/yoast.com\/wordpress\/plugins\/seo\/ -->\n<title>HB Assurance - Services Pour Les Professionnels<\/title>\n<meta name=\"description\" content=\"HB Assurance propose des services pour les professionnels. Assurance Multirisque Professionnelle , Assurance Automobile.\" \/>\n<meta name=\"robots\" content=\"index, follow, max-snippet:-1, max-image-preview:large, max-video-preview:-1\" \/>\n<link rel=\"canonical\" href=\"https:\/\/hbassurance.com\/?page_id=54\" \/>\n<meta property=\"og:locale\" content=\"fr_FR\" \/>\n<meta property=\"og:type\" content=\"article\" \/>\n<meta property=\"og:title\" content=\"HB Assurance - Services Pour Les Professionnels\" \/>\n<meta property=\"og:description\" content=\"HB Assurance propose des services pour les professionnels. Assurance Multirisque Professionnelle , Assurance Automobile.\" \/>\n<meta property=\"og:url\" content=\"https:\/\/hbassurance.com\/?page_id=54\" \/>\n<meta property=\"og:site_name\" content=\"HB Assurance\" \/>\n<meta property=\"article:modified_time\" content=\"2025-02-17T16:42:28+00:00\" \/>\n<meta property=\"og:image\" content=\"https:\/\/hbassurance.com\/wp-content\/uploads\/2025\/02\/img.jpg\" \/>\n\t<meta property=\"og:image:width\" content=\"530\" \/>\n\t<meta property=\"og:image:height\" content=\"545\" \/>\n\t<meta property=\"og:image:type\" content=\"image\/jpeg\" \/>\n<meta name=\"twitter:card\" content=\"summary_large_image\" \/>\n<meta name=\"twitter:label1\" content=\"Dur\u00e9e de lecture estim\u00e9e\" \/>\n\t<meta name=\"twitter:data1\" content=\"3 minutes\" \/>\n<script type=\"application\/ld+json\" class=\"yoast-schema-graph\">{\"@context\":\"https:\/\/schema.org\",\"@graph\":[{\"@type\":\"WebPage\",\"@id\":\"https:\/\/hbassurance.com\/?page_id=54\",\"url\":\"https:\/\/hbassurance.com\/?page_id=54\",\"name\":\"HB Assurance - Services Pour Les Professionnels\",\"isPartOf\":{\"@id\":\"https:\/\/hbassurance.com\/#website\"},\"datePublished\":\"2025-02-05T16:03:51+00:00\",\"dateModified\":\"2025-02-17T16:42:28+00:00\",\"description\":\"HB Assurance propose des services pour les professionnels. Assurance Multirisque Professionnelle , Assurance Automobile.\",\"breadcrumb\":{\"@id\":\"https:\/\/hbassurance.com\/?page_id=54#breadcrumb\"},\"inLanguage\":\"fr-FR\",\"potentialAction\":[{\"@type\":\"ReadAction\",\"target\":[\"https:\/\/hbassurance.com\/?page_id=54\"]}]},{\"@type\":\"BreadcrumbList\",\"@id\":\"https:\/\/hbassurance.com\/?page_id=54#breadcrumb\",\"itemListElement\":[{\"@type\":\"ListItem\",\"position\":1,\"name\":\"Home\",\"item\":\"https:\/\/hbassurance.com\/\"},{\"@type\":\"ListItem\",\"position\":2,\"name\":\"Professionnels\"}]},{\"@type\":\"WebSite\",\"@id\":\"https:\/\/hbassurance.com\/#website\",\"url\":\"https:\/\/hbassurance.com\/\",\"name\":\"hbassurance.com\",\"description\":\"Chez HB Assurance, nous proposons des solutions d&#039;assurance sur mesure pour r\u00e9pondre \u00e0 vos besoins.\",\"publisher\":{\"@id\":\"https:\/\/hbassurance.com\/#organization\"},\"potentialAction\":[{\"@type\":\"SearchAction\",\"target\":{\"@type\":\"EntryPoint\",\"urlTemplate\":\"https:\/\/hbassurance.com\/?s={search_term_string}\"},\"query-input\":{\"@type\":\"PropertyValueSpecification\",\"valueRequired\":true,\"valueName\":\"search_term_string\"}}],\"inLanguage\":\"fr-FR\"},{\"@type\":\"Organization\",\"@id\":\"https:\/\/hbassurance.com\/#organization\",\"name\":\"HB Assurance\",\"url\":\"https:\/\/hbassurance.com\/\",\"logo\":{\"@type\":\"ImageObject\",\"inLanguage\":\"fr-FR\",\"@id\":\"https:\/\/hbassurance.com\/#\/schema\/logo\/image\/\",\"url\":\"https:\/\/hbassurance.com\/wp-content\/uploads\/2025\/02\/cropped-logo_HB_ASSURANCE.png\",\"contentUrl\":\"https:\/\/hbassurance.com\/wp-content\/uploads\/2025\/02\/cropped-logo_HB_ASSURANCE.png\",\"width\":666,\"height\":374,\"caption\":\"HB Assurance\"},\"image\":{\"@id\":\"https:\/\/hbassurance.com\/#\/schema\/logo\/image\/\"}}]}<\/script>\n<!-- \/ Yoast SEO plugin. -->","yoast_head_json":{"title":"HB Assurance - Services Pour Les Professionnels","description":"HB Assurance propose des services pour les professionnels. Assurance Multirisque Professionnelle , Assurance Automobile.","robots":{"index":"index","follow":"follow","max-snippet":"max-snippet:-1","max-image-preview":"max-image-preview:large","max-video-preview":"max-video-preview:-1"},"canonical":"https:\/\/hbassurance.com\/?page_id=54","og_locale":"fr_FR","og_type":"article","og_title":"HB Assurance - Services Pour Les Professionnels","og_description":"HB Assurance propose des services pour les professionnels. Assurance Multirisque Professionnelle , Assurance Automobile.","og_url":"https:\/\/hbassurance.com\/?page_id=54","og_site_name":"HB Assurance","article_modified_time":"2025-02-17T16:42:28+00:00","og_image":[{"width":530,"height":545,"url":"https:\/\/hbassurance.com\/wp-content\/uploads\/2025\/02\/img.jpg","type":"image\/jpeg"}],"twitter_card":"summary_large_image","twitter_misc":{"Dur\u00e9e de lecture estim\u00e9e":"3 minutes"},"schema":{"@context":"https:\/\/schema.org","@graph":[{"@type":"WebPage","@id":"https:\/\/hbassurance.com\/?page_id=54","url":"https:\/\/hbassurance.com\/?page_id=54","name":"HB Assurance - Services Pour Les Professionnels","isPartOf":{"@id":"https:\/\/hbassurance.com\/#website"},"datePublished":"2025-02-05T16:03:51+00:00","dateModified":"2025-02-17T16:42:28+00:00","description":"HB Assurance propose des services pour les professionnels. Assurance Multirisque Professionnelle , Assurance Automobile.","breadcrumb":{"@id":"https:\/\/hbassurance.com\/?page_id=54#breadcrumb"},"inLanguage":"fr-FR","potentialAction":[{"@type":"ReadAction","target":["https:\/\/hbassurance.com\/?page_id=54"]}]},{"@type":"BreadcrumbList","@id":"https:\/\/hbassurance.com\/?page_id=54#breadcrumb","itemListElement":[{"@type":"ListItem","position":1,"name":"Home","item":"https:\/\/hbassurance.com\/"},{"@type":"ListItem","position":2,"name":"Professionnels"}]},{"@type":"WebSite","@id":"https:\/\/hbassurance.com\/#website","url":"https:\/\/hbassurance.com\/","name":"hbassurance.com","description":"Chez HB Assurance, nous proposons des solutions d&#039;assurance sur mesure pour r\u00e9pondre \u00e0 vos besoins.","publisher":{"@id":"https:\/\/hbassurance.com\/#organization"},"potentialAction":[{"@type":"SearchAction","target":{"@type":"EntryPoint","urlTemplate":"https:\/\/hbassurance.com\/?s={search_term_string}"},"query-input":{"@type":"PropertyValueSpecification","valueRequired":true,"valueName":"search_term_string"}}],"inLanguage":"fr-FR"},{"@type":"Organization","@id":"https:\/\/hbassurance.com\/#organization","name":"HB Assurance","url":"https:\/\/hbassurance.com\/","logo":{"@type":"ImageObject","inLanguage":"fr-FR","@id":"https:\/\/hbassurance.com\/#\/schema\/logo\/image\/","url":"https:\/\/hbassurance.com\/wp-content\/uploads\/2025\/02\/cropped-logo_HB_ASSURANCE.png","contentUrl":"https:\/\/hbassurance.com\/wp-content\/uploads\/2025\/02\/cropped-logo_HB_ASSURANCE.png","width":666,"height":374,"caption":"HB Assurance"},"image":{"@id":"https:\/\/hbassurance.com\/#\/schema\/logo\/image\/"}}]}},"_links":{"self":[{"href":"https:\/\/hbassurance.com\/index.php?rest_route=\/wp\/v2\/pages\/54","targetHints":{"allow":["GET"]}}],"collection":[{"href":"https:\/\/hbassurance.com\/index.php?rest_route=\/wp\/v2\/pages"}],"about":[{"href":"https:\/\/hbassurance.com\/index.php?rest_route=\/wp\/v2\/types\/page"}],"author":[{"embeddable":true,"href":"https:\/\/hbassurance.com\/index.php?rest_route=\/wp\/v2\/users\/1"}],"replies":[{"embeddable":true,"href":"https:\/\/hbassurance.com\/index.php?rest_route=%2Fwp%2Fv2%2Fcomments&post=54"}],"version-history":[{"count":85,"href":"https:\/\/hbassurance.com\/index.php?rest_route=\/wp\/v2\/pages\/54\/revisions"}],"predecessor-version":[{"id":3039,"href":"https:\/\/hbassurance.com\/index.php?rest_route=\/wp\/v2\/pages\/54\/revisions\/3039"}],"wp:attachment":[{"href":"https:\/\/hbassurance.com\/index.php?rest_route=%2Fwp%2Fv2%2Fmedia&parent=54"}],"curies":[{"name":"wp","href":"https:\/\/api.w.org\/{rel}","templated":true}]}}