{"id":57,"date":"2025-02-05T17:03:52","date_gmt":"2025-02-05T16:03:52","guid":{"rendered":"https:\/\/hbassurance.com\/?page_id=57"},"modified":"2025-02-18T09:33:06","modified_gmt":"2025-02-18T08:33:06","slug":"hbassurance-faq-elementor","status":"publish","type":"page","link":"https:\/\/hbassurance.com\/?page_id=57","title":{"rendered":"FAQ"},"content":{"rendered":"\t\t<div data-elementor-type=\"wp-page\" data-elementor-id=\"57\" class=\"elementor elementor-57\">\n\t\t\t\t<div class=\"elementor-element elementor-element-cb57559 e-flex e-con-boxed e-con e-parent\" data-id=\"cb57559\" data-element_type=\"container\">\n\t\t\t\t\t<div class=\"e-con-inner\">\n\t\t\t\t<div class=\"elementor-element elementor-element-bf53d90 elementor-widget__width-initial elementor-widget elementor-widget-html\" data-id=\"bf53d90\" data-element_type=\"widget\" data-widget_type=\"html.default\">\n\t\t\t\t<div class=\"elementor-widget-container\">\n\t\t\t\t\t<section\r\nid=\"faq-assurance\"\r\n  class=\"elementor-section elementor-top-section elementor-element elementor-element-e7d457a elementor-section-full_width elementor-section-height-default elementor-section-height-default\"\r\n  data-id=\"e7d457a\"\r\n  data-element_type=\"section\"\r\n>\r\n  <div class=\"elementor-column-gap-no\">\r\n    <div\r\n      class=\"elementor-column elementor-col-100 elementor-top-column elementor-element elementor-element-e1b2354\"\r\n      data-id=\"e1b2354\"\r\n      data-element_type=\"column\"\r\n    >\r\n      <div class=\"elementor-widget-wrap elementor-element-populated\">\r\n        <div\r\n          class=\"elementor-element elementor-element-49132c9 elementor-align-left elementor-widget elementor-widget-home-1-faq\"\r\n          data-id=\"49132c9\"\r\n          data-element_type=\"widget\"\r\n          data-widget_type=\"home-1-faq.default\"\r\n        >\r\n          <div class=\"\">\r\n            <section\r\n              class=\"about-section pdt-110 pdb-95 pdb-lg-55 pdb-sm-50\"\r\n              data-background=\"https:\/\/shtheme.com\/demosd\/insuren\/wp-content\/uploads\/2022\/11\/abs-bg10.png\"\r\n              style=\"\r\n                background-image: url('https:\/\/shtheme.com\/demosd\/insuren\/wp-content\/uploads\/2022\/11\/abs-bg10.png');\r\n                background-size: cover;\r\n                background-repeat: no-repeat;\r\n                min-height: 100vh;\r\n              \"\r\n            >\r\n              <div class=\"col d-xl-block d-none\"><\/div>\r\n              <div\r\n                class=\"col-md-12 wow fadeInRight mrb-lg-40 animated pl-5 pr-5\"\r\n                data-wow-delay=\"0ms\"\r\n                data-wow-duration=\"1000ms\"\r\n                style=\"\r\n                  visibility: visible;\r\n                  animation-duration: 1000ms;\r\n                  animation-delay: 0ms;\r\n                  animation-name: fadeInRight;\r\n                \"\r\n              >\r\n                <h5 class=\"side-line-left text-primary-color mrb-10\">\r\n                  Des questions importantes\r\n                <\/h5>\r\n                <h2 class=\"mrb-35\">FAQ<\/h2>\r\n                <div class=\"faq-block\">\r\n                  <div class=\"accordion\">\r\n                    <div class=\"accordion-item\">\r\n                      <div class=\"accordion-header active\">\r\n                        <h5 class=\"title\">\r\n                          Q: Comment marche une assurance de pr\u00eat ?\r\n                        <\/h5>\r\n                        <span class=\"fas fa-arrow-right\"><\/span>\r\n                      <\/div>\r\n                      <div class=\"accordion-body\">\r\n                        <p>\r\n                          Elle marche comme une \u00e9pargne que vous d\u00e9posez\r\n                          p\u00e9riodiquement aupr\u00e8s de votre cabinet d\u2019assurance.\r\n                          D\u00e8s lors que vous subissez un sinistre, il vous\r\n                          accompagne \u00e0 faire face aux dommages que vous avez\r\n                          subis conform\u00e9ment aux clauses \u00e9tablies dans votre\r\n                          contrat.\r\n                        <\/p>\r\n                      <\/div>\r\n                    <\/div>\r\n                    <div class=\"accordion-item\">\r\n                      <div class=\"accordion-header\">\r\n                        <h5 class=\"title\">\r\n                          Q: Quels sont les principaux types d\u2019assurances\r\n                          propos\u00e9s par votre entreprise ?\r\n                        <\/h5>\r\n                        <span class=\"fas fa-arrow-right\"><\/span>\r\n                      <\/div>\r\n                      <div class=\"accordion-body\">\r\n                        <p>\r\n                          Chez HB Assurance, nous offrons plusieurs types\r\n                          d\u2019assurance relatives \u00e0 la sant\u00e9, l\u2019habitation (MRH,\r\n                          MRI, DO, PNO) et la responsabilit\u00e9 civile d\u00e9cennale.\r\n                          En outre, nous assurons aussi pour votre v\u00e9hicule ou\r\n                          votre moto et responsabilit\u00e9 .\r\n                        <\/p>\r\n                      <\/div>\r\n                    <\/div>\r\n                    <div class=\"accordion-item\">\r\n                      <div class=\"accordion-header\">\r\n                        <h5 class=\"title\">\r\n                          Q: Pourquoi choisir votre entreprise pour un besoin\r\n                          d\u2019assurance ?\r\n                        <\/h5>\r\n                        <span class=\"fas fa-arrow-right\"><\/span>\r\n                      <\/div>\r\n                      <div class=\"accordion-body\">\r\n                        <p>\r\n                          Notre entreprise est un excellent choix si vous avez\r\n                          des besoins en assurance. Nous sommes reconnus pour\r\n                          notre expertise et pour l\u2019accompagnement personnalis\u00e9\r\n                          que nous proposons \u00e0 tous nos clients.\r\n                        <\/p>\r\n                      <\/div>\r\n                    <\/div>\r\n                    <div class=\"accordion-item\">\r\n                      <div class=\"accordion-header\">\r\n                        <h5 class=\"title\">\r\n                          Q: Qu\u2019est-ce que l\u2019assurance dommages-ouvrage (DO) et\r\n                          qui doit la souscrire ?\r\n                        <\/h5>\r\n                        <span class=\"fas fa-arrow-right\"><\/span>\r\n                      <\/div>\r\n                      <div class=\"accordion-body\">\r\n                        <p>\r\n                          L\u2019assurance DO garantit la prise en charge rapide des\r\n                          r\u00e9parations en cas de d\u00e9fauts affectant la solidit\u00e9 de\r\n                          l\u2019ouvrage. Elle est obligatoire pour tout ma\u00eetre\r\n                          d\u2019ouvrage (particulier ou professionnel) avant le\r\n                          d\u00e9but des travaux.\r\n                        <\/p>\r\n                      <\/div>\r\n                    <\/div>\r\n                    <div class=\"accordion-item\">\r\n                      <div class=\"accordion-header\">\r\n                        <h5 class=\"title\">\r\n                          Q: Quels sont les documents n\u00e9cessaires pour souscrire\r\n                          une assurance auto ou moto ?\r\n                        <\/h5>\r\n                        <span class=\"fas fa-arrow-right\"><\/span>\r\n                      <\/div>\r\n                      <div class=\"accordion-body\">\r\n                        <p>\r\n                          G\u00e9n\u00e9ralement, vous devrez fournir : une copie de votre\r\n                          permis de conduire, la carte grise de votre v\u00e9hicule,\r\n                          un relev\u00e9 d\u2019information (historique de conduite) et\r\n                          une pi\u00e8ce d\u2019identit\u00e9 valide.\r\n                        <\/p>\r\n                      <\/div>\r\n                    <\/div>\r\n                    <div class=\"accordion-item\">\r\n                      <div class=\"accordion-header\">\r\n                        <h5 class=\"title\">\r\n                          Q: Quelles garanties incluent l\u2019assurance propri\u00e9taire\r\n                          non occupant (PNO) ?\r\n                        <\/h5>\r\n                        <span class=\"fas fa-arrow-right\"><\/span>\r\n                      <\/div>\r\n                      <div class=\"accordion-body\">\r\n                        <p>\r\n                          L\u2019assurance PNO couvre les risques li\u00e9s \u00e0 votre bien\r\n                          immobilier, comme les d\u00e9g\u00e2ts des eaux, incendies, bris\r\n                          de glace, catastrophes naturelles, et responsabilit\u00e9\r\n                          civile, m\u00eame si le logement est vide ou lou\u00e9.\r\n                        <\/p>\r\n                      <\/div>\r\n                    <\/div>\r\n                  <\/div>\r\n                <\/div>\r\n              <\/div>\r\n            <\/section>\r\n          <\/div>\r\n        <\/div>\r\n      <\/div>\r\n    <\/div>\r\n  <\/div>\r\n<\/section>\r\n\r\n<script type=\"application\/ld+json\">\r\n{\r\n  \"@context\": \"https:\/\/schema.org\",\r\n  \"@type\": \"FAQPage\",\r\n  \"mainEntity\": [\r\n    {\r\n      \"@type\": \"Question\",\r\n      \"name\": \"Comment fonctionne une assurance de pr\u00eat ?\",\r\n      \"acceptedAnswer\": {\r\n        \"@type\": \"Answer\",\r\n        \"text\": \"Elle fonctionne comme une \u00e9pargne d\u00e9pos\u00e9e p\u00e9riodiquement aupr\u00e8s de votre assurance. En cas de sinistre, votre contrat couvre les dommages selon ses clauses.\"\r\n      }\r\n    },\r\n    {\r\n      \"@type\": \"Question\",\r\n      \"name\": \"Quels sont les principaux types d\u2019assurances propos\u00e9s par votre entreprise ?\",\r\n      \"acceptedAnswer\": {\r\n        \"@type\": \"Answer\",\r\n        \"text\": \"Nous proposons des assurances sant\u00e9, habitation, responsabilit\u00e9 civile d\u00e9cennale, auto et moto, ainsi que d'autres solutions adapt\u00e9es.\"\r\n      }\r\n    },\r\n    {\r\n      \"@type\": \"Question\",\r\n      \"name\": \"Pourquoi choisir votre entreprise pour un besoin d\u2019assurance ?\",\r\n      \"acceptedAnswer\": {\r\n        \"@type\": \"Answer\",\r\n        \"text\": \"Notre entreprise est un excellent choix si vous avez des besoins en assurance. Nous sommes reconnus pour notre expertise et pour l\u2019accompagnement personnalis\u00e9 que nous proposons \u00e0 tous nos clients.\"\r\n      }\r\n    },\r\n    {\r\n      \"@type\": \"Question\",\r\n      \"name\": \"Qu\u2019est-ce que l\u2019assurance dommages-ouvrage (DO) et qui doit la souscrire ?\",\r\n      \"acceptedAnswer\": {\r\n        \"@type\": \"Answer\",\r\n        \"text\": \"L\u2019assurance DO garantit la prise en charge rapide des r\u00e9parations en cas de d\u00e9fauts affectant la solidit\u00e9 de l\u2019ouvrage. Elle est obligatoire pour tout ma\u00eetre d\u2019ouvrage (particulier ou professionnel) avant le d\u00e9but des travaux.\"\r\n      }\r\n    },\r\n    {\r\n      \"@type\": \"Question\",\r\n      \"name\": \"Quels sont les documents n\u00e9cessaires pour souscrire une assurance auto ou moto ?\",\r\n      \"acceptedAnswer\": {\r\n        \"@type\": \"Answer\",\r\n        \"text\": \"G\u00e9n\u00e9ralement, vous devrez fournir : une copie de votre permis de conduire, la carte grise de votre v\u00e9hicule, un relev\u00e9 d\u2019information (historique de conduite) et une pi\u00e8ce d\u2019identit\u00e9 valide.\"\r\n      }\r\n    },\r\n    {\r\n      \"@type\": \"Question\",\r\n      \"name\": \"Quelles garanties incluent l\u2019assurance propri\u00e9taire non occupant (PNO) ?\",\r\n      \"acceptedAnswer\": {\r\n        \"@type\": \"Answer\",\r\n        \"text\": \"L\u2019assurance PNO couvre les risques li\u00e9s \u00e0 votre bien immobilier, comme les d\u00e9g\u00e2ts des eaux, incendies, bris de glace, catastrophes naturelles, et responsabilit\u00e9 civile, m\u00eame si le logement est vide ou lou\u00e9.\"\r\n      }\r\n    },\r\n  ]\r\n}\r\n<\/script>\r\n\t\t\t\t<\/div>\n\t\t\t\t<\/div>\n\t\t\t\t\t<\/div>\n\t\t\t\t<\/div>\n\t\t\t\t<\/div>\n\t\t","protected":false},"excerpt":{"rendered":"<p>Des questions importantes FAQ Q: Comment marche une assurance de pr\u00eat ? Elle marche comme une \u00e9pargne que vous d\u00e9posez p\u00e9riodiquement aupr\u00e8s de votre cabinet d\u2019assurance. D\u00e8s lors que vous subissez un sinistre, il vous accompagne \u00e0 faire face aux dommages que vous avez subis conform\u00e9ment aux clauses \u00e9tablies dans votre contrat. Q: Quels sont [&hellip;]<\/p>\n","protected":false},"author":1,"featured_media":0,"parent":0,"menu_order":0,"comment_status":"closed","ping_status":"closed","template":"","meta":{"content-type":"","footnotes":""},"class_list":["post-57","page","type-page","status-publish","hentry"],"yoast_head":"<!-- This site is optimized with the Yoast SEO plugin v24.4 - https:\/\/yoast.com\/wordpress\/plugins\/seo\/ -->\n<title>FAQ - HB Assurance Propose Des Solutions d&#039;Assurance Sur-mesure<\/title>\n<meta name=\"description\" content=\"Des questions importantes: Comment marche une assurance de pr\u00eat ? Elle marche comme une \u00e9pargne que vous d\u00e9posez p\u00e9riodiquement aupr\u00e8s de votre cabinet d\u2019assurance.\" \/>\n<meta name=\"robots\" content=\"index, follow, max-snippet:-1, max-image-preview:large, max-video-preview:-1\" \/>\n<link rel=\"canonical\" href=\"https:\/\/hbassurance.com\/?page_id=57\" \/>\n<meta property=\"og:locale\" content=\"fr_FR\" \/>\n<meta property=\"og:type\" content=\"article\" \/>\n<meta property=\"og:title\" content=\"FAQ - HB Assurance Propose Des Solutions d&#039;Assurance Sur-mesure\" \/>\n<meta property=\"og:description\" content=\"Des questions importantes: Comment marche une assurance de pr\u00eat ? Elle marche comme une \u00e9pargne que vous d\u00e9posez p\u00e9riodiquement aupr\u00e8s de votre cabinet d\u2019assurance.\" \/>\n<meta property=\"og:url\" content=\"https:\/\/hbassurance.com\/?page_id=57\" \/>\n<meta property=\"og:site_name\" content=\"HB Assurance\" \/>\n<meta property=\"article:modified_time\" content=\"2025-02-18T08:33:06+00:00\" \/>\n<meta property=\"og:image\" content=\"https:\/\/hbassurance.com\/wp-content\/uploads\/2025\/02\/banner41.png\" \/>\n\t<meta property=\"og:image:width\" content=\"993\" \/>\n\t<meta property=\"og:image:height\" content=\"477\" \/>\n\t<meta property=\"og:image:type\" content=\"image\/png\" \/>\n<meta name=\"twitter:card\" content=\"summary_large_image\" \/>\n<meta name=\"twitter:label1\" content=\"Dur\u00e9e de lecture estim\u00e9e\" \/>\n\t<meta name=\"twitter:data1\" content=\"2 minutes\" \/>\n<script type=\"application\/ld+json\" class=\"yoast-schema-graph\">{\"@context\":\"https:\/\/schema.org\",\"@graph\":[{\"@type\":\"WebPage\",\"@id\":\"https:\/\/hbassurance.com\/?page_id=57\",\"url\":\"https:\/\/hbassurance.com\/?page_id=57\",\"name\":\"FAQ - HB Assurance Propose Des Solutions d'Assurance Sur-mesure\",\"isPartOf\":{\"@id\":\"https:\/\/hbassurance.com\/#website\"},\"datePublished\":\"2025-02-05T16:03:52+00:00\",\"dateModified\":\"2025-02-18T08:33:06+00:00\",\"description\":\"Des questions importantes: Comment marche une assurance de pr\u00eat ? Elle marche comme une \u00e9pargne que vous d\u00e9posez p\u00e9riodiquement aupr\u00e8s de votre cabinet d\u2019assurance.\",\"breadcrumb\":{\"@id\":\"https:\/\/hbassurance.com\/?page_id=57#breadcrumb\"},\"inLanguage\":\"fr-FR\",\"potentialAction\":[{\"@type\":\"ReadAction\",\"target\":[\"https:\/\/hbassurance.com\/?page_id=57\"]}]},{\"@type\":\"BreadcrumbList\",\"@id\":\"https:\/\/hbassurance.com\/?page_id=57#breadcrumb\",\"itemListElement\":[{\"@type\":\"ListItem\",\"position\":1,\"name\":\"Home\",\"item\":\"https:\/\/hbassurance.com\/\"},{\"@type\":\"ListItem\",\"position\":2,\"name\":\"FAQ\"}]},{\"@type\":\"WebSite\",\"@id\":\"https:\/\/hbassurance.com\/#website\",\"url\":\"https:\/\/hbassurance.com\/\",\"name\":\"hbassurance.com\",\"description\":\"Chez HB Assurance, nous proposons des solutions d&#039;assurance sur mesure pour r\u00e9pondre \u00e0 vos besoins.\",\"publisher\":{\"@id\":\"https:\/\/hbassurance.com\/#organization\"},\"potentialAction\":[{\"@type\":\"SearchAction\",\"target\":{\"@type\":\"EntryPoint\",\"urlTemplate\":\"https:\/\/hbassurance.com\/?s={search_term_string}\"},\"query-input\":{\"@type\":\"PropertyValueSpecification\",\"valueRequired\":true,\"valueName\":\"search_term_string\"}}],\"inLanguage\":\"fr-FR\"},{\"@type\":\"Organization\",\"@id\":\"https:\/\/hbassurance.com\/#organization\",\"name\":\"HB Assurance\",\"url\":\"https:\/\/hbassurance.com\/\",\"logo\":{\"@type\":\"ImageObject\",\"inLanguage\":\"fr-FR\",\"@id\":\"https:\/\/hbassurance.com\/#\/schema\/logo\/image\/\",\"url\":\"https:\/\/hbassurance.com\/wp-content\/uploads\/2025\/02\/cropped-logo_HB_ASSURANCE.png\",\"contentUrl\":\"https:\/\/hbassurance.com\/wp-content\/uploads\/2025\/02\/cropped-logo_HB_ASSURANCE.png\",\"width\":666,\"height\":374,\"caption\":\"HB Assurance\"},\"image\":{\"@id\":\"https:\/\/hbassurance.com\/#\/schema\/logo\/image\/\"}}]}<\/script>\n<!-- \/ Yoast SEO plugin. -->","yoast_head_json":{"title":"FAQ - HB Assurance Propose Des Solutions d'Assurance Sur-mesure","description":"Des questions importantes: Comment marche une assurance de pr\u00eat ? Elle marche comme une \u00e9pargne que vous d\u00e9posez p\u00e9riodiquement aupr\u00e8s de votre cabinet d\u2019assurance.","robots":{"index":"index","follow":"follow","max-snippet":"max-snippet:-1","max-image-preview":"max-image-preview:large","max-video-preview":"max-video-preview:-1"},"canonical":"https:\/\/hbassurance.com\/?page_id=57","og_locale":"fr_FR","og_type":"article","og_title":"FAQ - HB Assurance Propose Des Solutions d'Assurance Sur-mesure","og_description":"Des questions importantes: Comment marche une assurance de pr\u00eat ? Elle marche comme une \u00e9pargne que vous d\u00e9posez p\u00e9riodiquement aupr\u00e8s de votre cabinet d\u2019assurance.","og_url":"https:\/\/hbassurance.com\/?page_id=57","og_site_name":"HB Assurance","article_modified_time":"2025-02-18T08:33:06+00:00","og_image":[{"width":993,"height":477,"url":"https:\/\/hbassurance.com\/wp-content\/uploads\/2025\/02\/banner41.png","type":"image\/png"}],"twitter_card":"summary_large_image","twitter_misc":{"Dur\u00e9e de lecture estim\u00e9e":"2 minutes"},"schema":{"@context":"https:\/\/schema.org","@graph":[{"@type":"WebPage","@id":"https:\/\/hbassurance.com\/?page_id=57","url":"https:\/\/hbassurance.com\/?page_id=57","name":"FAQ - HB Assurance Propose Des Solutions d'Assurance Sur-mesure","isPartOf":{"@id":"https:\/\/hbassurance.com\/#website"},"datePublished":"2025-02-05T16:03:52+00:00","dateModified":"2025-02-18T08:33:06+00:00","description":"Des questions importantes: Comment marche une assurance de pr\u00eat ? Elle marche comme une \u00e9pargne que vous d\u00e9posez p\u00e9riodiquement aupr\u00e8s de votre cabinet d\u2019assurance.","breadcrumb":{"@id":"https:\/\/hbassurance.com\/?page_id=57#breadcrumb"},"inLanguage":"fr-FR","potentialAction":[{"@type":"ReadAction","target":["https:\/\/hbassurance.com\/?page_id=57"]}]},{"@type":"BreadcrumbList","@id":"https:\/\/hbassurance.com\/?page_id=57#breadcrumb","itemListElement":[{"@type":"ListItem","position":1,"name":"Home","item":"https:\/\/hbassurance.com\/"},{"@type":"ListItem","position":2,"name":"FAQ"}]},{"@type":"WebSite","@id":"https:\/\/hbassurance.com\/#website","url":"https:\/\/hbassurance.com\/","name":"hbassurance.com","description":"Chez HB Assurance, nous proposons des solutions d&#039;assurance sur mesure pour r\u00e9pondre \u00e0 vos besoins.","publisher":{"@id":"https:\/\/hbassurance.com\/#organization"},"potentialAction":[{"@type":"SearchAction","target":{"@type":"EntryPoint","urlTemplate":"https:\/\/hbassurance.com\/?s={search_term_string}"},"query-input":{"@type":"PropertyValueSpecification","valueRequired":true,"valueName":"search_term_string"}}],"inLanguage":"fr-FR"},{"@type":"Organization","@id":"https:\/\/hbassurance.com\/#organization","name":"HB Assurance","url":"https:\/\/hbassurance.com\/","logo":{"@type":"ImageObject","inLanguage":"fr-FR","@id":"https:\/\/hbassurance.com\/#\/schema\/logo\/image\/","url":"https:\/\/hbassurance.com\/wp-content\/uploads\/2025\/02\/cropped-logo_HB_ASSURANCE.png","contentUrl":"https:\/\/hbassurance.com\/wp-content\/uploads\/2025\/02\/cropped-logo_HB_ASSURANCE.png","width":666,"height":374,"caption":"HB Assurance"},"image":{"@id":"https:\/\/hbassurance.com\/#\/schema\/logo\/image\/"}}]}},"_links":{"self":[{"href":"https:\/\/hbassurance.com\/index.php?rest_route=\/wp\/v2\/pages\/57","targetHints":{"allow":["GET"]}}],"collection":[{"href":"https:\/\/hbassurance.com\/index.php?rest_route=\/wp\/v2\/pages"}],"about":[{"href":"https:\/\/hbassurance.com\/index.php?rest_route=\/wp\/v2\/types\/page"}],"author":[{"embeddable":true,"href":"https:\/\/hbassurance.com\/index.php?rest_route=\/wp\/v2\/users\/1"}],"replies":[{"embeddable":true,"href":"https:\/\/hbassurance.com\/index.php?rest_route=%2Fwp%2Fv2%2Fcomments&post=57"}],"version-history":[{"count":72,"href":"https:\/\/hbassurance.com\/index.php?rest_route=\/wp\/v2\/pages\/57\/revisions"}],"predecessor-version":[{"id":3076,"href":"https:\/\/hbassurance.com\/index.php?rest_route=\/wp\/v2\/pages\/57\/revisions\/3076"}],"wp:attachment":[{"href":"https:\/\/hbassurance.com\/index.php?rest_route=%2Fwp%2Fv2%2Fmedia&parent=57"}],"curies":[{"name":"wp","href":"https:\/\/api.w.org\/{rel}","templated":true}]}}